{"id":1329,"date":"2024-09-07T07:46:28","date_gmt":"2024-09-07T05:46:28","guid":{"rendered":"https:\/\/hoerakustik-grunenberg.de\/imprint\/"},"modified":"2025-03-19T07:29:58","modified_gmt":"2025-03-19T06:29:58","slug":"imprint","status":"publish","type":"page","link":"https:\/\/hoerakustik-grunenberg.de\/en\/imprint\/","title":{"rendered":"Imprint"},"content":{"rendered":"<p><div class=\"fusion-fullwidth fullwidth-box fusion-builder-row-1 fusion-flex-container has-pattern-background has-mask-background hundred-percent-fullwidth non-hundred-percent-height-scrolling\" style=\"--awb-border-radius-top-left:0px;--awb-border-radius-top-right:0px;--awb-border-radius-bottom-right:0px;--awb-border-radius-bottom-left:0px;--awb-padding-right:0px;--awb-padding-bottom:0px;--awb-padding-left:0px;--awb-margin-bottom:0px;--awb-background-color:var(--awb-color4);--awb-flex-wrap:wrap;\" ><div class=\"fusion-builder-row fusion-row fusion-flex-align-items-stretch fusion-flex-content-wrap\" style=\"width:calc( 100% + 0px ) !important;max-width:calc( 100% + 0px ) !important;margin-left: calc(-0px \/ 2 );margin-right: calc(-0px \/ 2 );\"><div class=\"fusion-layout-column fusion_builder_column fusion-builder-column-0 fusion_builder_column_1_2 1_2 fusion-flex-column\" style=\"--awb-padding-top:100px;--awb-padding-bottom:100px;--awb-padding-left:70px;--awb-padding-left-small:20px;--awb-bg-size:cover;--awb-width-large:50%;--awb-margin-top-large:0px;--awb-spacing-right-large:0px;--awb-margin-bottom-large:2px;--awb-spacing-left-large:0px;--awb-width-medium:50%;--awb-order-medium:0;--awb-spacing-right-medium:0px;--awb-spacing-left-medium:0px;--awb-width-small:100%;--awb-order-small:0;--awb-spacing-right-small:0px;--awb-spacing-left-small:0px;\" data-scroll-devices=\"small-visibility,medium-visibility,large-visibility\"><div class=\"fusion-column-wrapper fusion-column-has-shadow fusion-flex-justify-content-flex-start fusion-content-layout-column\"><div class=\"fusion-title title fusion-title-1 fusion-sep-none fusion-title-text fusion-title-size-one\" style=\"--awb-text-color:var(--awb-color5);\"><h1 class=\"fusion-title-heading title-heading-left\" style=\"margin:0;\">Imprint<\/h1><\/div><div class=\"fusion-separator fusion-full-width-sep\" style=\"align-self: center;margin-left: auto;margin-right: auto;margin-top:30px;width:100%;\"><\/div><div class=\"fusion-text fusion-text-1 goldzuschwarz \" style=\"--awb-text-color:var(--awb-color1);\"><p>H\u00f6rger\u00e4te Grunenberg GmbH<\/p>\n<p>Managing Director<br \/>\nBeate Grunenberg<br \/>\nHoltzendorffstra\u00dfe 10<br \/>\n14057 Berlin<br \/>\nPhone: +49 (30) 86 40 96 60<br \/>\nFax: +49 (30) 86 39 69 00<br \/>\nE-mail:<a href=\"mailto:info@hoerakustik-grunenberg.de\"> info@hoerakustik-grunenberg.de<\/a><\/p>\n<p>Sales tax identification number<br \/>\naccording to \u00a7 27 a Umsatzsteuergesetz: DE207924054<\/p>\n<p>HRB 206797<br \/>\nAmtsgericht Charlottenburg<\/p>\n<\/div><\/div><\/div><div class=\"fusion-layout-column fusion_builder_column fusion-builder-column-1 fusion_builder_column_1_2 1_2 fusion-flex-column\" style=\"--awb-padding-top:100px;--awb-padding-bottom:100px;--awb-bg-image:url(&#039;https:\/\/hoerakustik-grunenberg.de\/wp-content\/uploads\/2024\/09\/coffeetable-1.png&#039;);--awb-bg-size:cover;--awb-width-large:50%;--awb-margin-top-large:0px;--awb-spacing-right-large:0px;--awb-margin-bottom-large:0px;--awb-spacing-left-large:0px;--awb-width-medium:50%;--awb-order-medium:0;--awb-spacing-right-medium:0px;--awb-spacing-left-medium:0px;--awb-width-small:100%;--awb-order-small:0;--awb-spacing-right-small:0px;--awb-spacing-left-small:0px;\" data-scroll-devices=\"small-visibility,medium-visibility,large-visibility\"><div class=\"fusion-column-wrapper fusion-column-has-shadow fusion-flex-justify-content-flex-start fusion-content-layout-column fusion-empty-column-bg-image fusion-column-has-bg-image\" data-bg-url=\"https:\/\/hoerakustik-grunenberg.de\/wp-content\/uploads\/2024\/09\/coffeetable-1.png\"><img decoding=\"async\" class=\"fusion-empty-dims-img-placeholder fusion-no-large-visibility fusion-no-medium-visibility\" aria-label=\"coffeetable 1\" src=\"data:image\/svg+xml,%3Csvg%20xmlns%3D%27http%3A%2F%2Fwww.w3.org%2F2000%2Fsvg%27%20width%3D%271600%27%20height%3D%271013%27%20viewBox%3D%270%200%201600%201013%27%3E%3Crect%20width%3D%271600%27%20height%3D%271013%27%20fill-opacity%3D%220%22%2F%3E%3C%2Fsvg%3E\"><\/div><\/div><\/div><\/div><div class=\"fusion-fullwidth fullwidth-box fusion-builder-row-2 fusion-flex-container has-pattern-background has-mask-background fusion-parallax-none nonhundred-percent-fullwidth non-hundred-percent-height-scrolling\" style=\"--awb-background-position:right top;--awb-border-radius-top-left:0px;--awb-border-radius-top-right:0px;--awb-border-radius-bottom-right:0px;--awb-border-radius-bottom-left:0px;--awb-margin-top:100px;--awb-background-image:url(&quot;https:\/\/hoerakustik-grunenberg.de\/wp-content\/uploads\/2024\/09\/Union.png&quot;);--awb-background-size:500px;--awb-flex-wrap:wrap;\" ><div class=\"fusion-builder-row fusion-row fusion-flex-align-items-flex-start fusion-flex-content-wrap\" style=\"max-width:1248px;margin-left: calc(-4% \/ 2 );margin-right: calc(-4% \/ 2 );\"><div class=\"fusion-layout-column fusion_builder_column fusion-builder-column-2 fusion_builder_column_1_1 1_1 fusion-flex-column\" style=\"--awb-bg-size:cover;--awb-width-large:100%;--awb-margin-top-large:0px;--awb-spacing-right-large:1.92%;--awb-margin-bottom-large:20px;--awb-spacing-left-large:1.92%;--awb-width-medium:100%;--awb-order-medium:0;--awb-spacing-right-medium:1.92%;--awb-spacing-left-medium:1.92%;--awb-width-small:100%;--awb-order-small:0;--awb-spacing-right-small:1.92%;--awb-spacing-left-small:1.92%;\"><div class=\"fusion-column-wrapper fusion-column-has-shadow fusion-flex-justify-content-flex-start fusion-content-layout-column\"><div class=\"fusion-text fusion-text-2\"><p>Design and implementation:<br \/>\n cajocodesign<\/p>\n<p>Photos:<br \/>\nHEJM<\/p>\n<p>iStockphoto:<br \/>\nvgajic | Ridofranz | humonia | andresr<\/p>\n<p>unsplash:<br \/>\nPhoto by Nathan Dumlao on Unsplash<br \/>\nPhoto by Scott Webb on Unsplash<\/p>\n<\/div><\/div><\/div><\/div><\/div><div class=\"fusion-fullwidth fullwidth-box fusion-builder-row-3 fusion-flex-container has-pattern-background has-mask-background nonhundred-percent-fullwidth non-hundred-percent-height-scrolling\" style=\"--awb-border-radius-top-left:0px;--awb-border-radius-top-right:0px;--awb-border-radius-bottom-right:0px;--awb-border-radius-bottom-left:0px;--awb-padding-bottom:100px;--awb-flex-wrap:wrap;\" ><div class=\"fusion-builder-row fusion-row fusion-flex-align-items-flex-start fusion-flex-content-wrap\" style=\"max-width:1248px;margin-left: calc(-4% \/ 2 );margin-right: calc(-4% \/ 2 );\"><div class=\"fusion-layout-column fusion_builder_column fusion-builder-column-3 fusion_builder_column_1_1 1_1 fusion-flex-column\" style=\"--awb-bg-size:cover;--awb-width-large:100%;--awb-margin-top-large:0px;--awb-spacing-right-large:1.92%;--awb-margin-bottom-large:20px;--awb-spacing-left-large:1.92%;--awb-width-medium:100%;--awb-order-medium:0;--awb-spacing-right-medium:1.92%;--awb-spacing-left-medium:1.92%;--awb-width-small:100%;--awb-order-small:0;--awb-spacing-right-small:1.92%;--awb-spacing-left-small:1.92%;\"><div class=\"fusion-column-wrapper fusion-column-has-shadow fusion-flex-justify-content-flex-start fusion-content-layout-column\"><div class=\"fusion-text fusion-text-3\"><p>Information on regulated professions:Handwerkskammer Berlin, Bl\u00fccherstr. 68, 10961 Berlin Handwerkskammer S\u00fcdwestfalen, Br\u00fcckenplatz 1, 59821 Arnsberg Beate Grunenberg, Master Hearing Aid Acoustician, Master title awarded in the Federal Republic of Germany <\/p>\n<p>Professional regulation: Handwerksordnung (HWO) Handwerksordnung in the version published on September 24, 1998 (BGBl. I p. 3074; 2006 I p. 2095), last amended by Article 9a of the Act of September 7, 2007 (BGBl. I p. 2246) Status: Revised by Bek. v. 24.9.1998 I 3074; 2006, 2095; last amended by Art. 9a G v. 7.9.2007 I 2246 https:\/\/www.gesetze-im-internet.de\/hwo\/index.html <\/p>\n<p>Responsible for content according to \u00a7 6 MDStV: Beate Grunenberg<\/p>\n<p>The linking of this website to external websites is only permitted with written authorization. All rights reserved. Any reproduction or redistribution in any medium in whole or in part requires written permission.  <\/p>\n<p>Disclaimer: Despite careful control of the content, we assume no liability for the content of external links. The operators of the linked pages are solely responsible for their content.<\/p>\n<\/div><\/div><\/div><\/div><\/div><div id=\"data protection\" class=\"fusion-container-anchor\"><div class=\"fusion-fullwidth fullwidth-box fusion-builder-row-4 fusion-flex-container has-pattern-background has-mask-background nonhundred-percent-fullwidth non-hundred-percent-height-scrolling\" style=\"--awb-border-radius-top-left:0px;--awb-border-radius-top-right:0px;--awb-border-radius-bottom-right:0px;--awb-border-radius-bottom-left:0px;--awb-padding-top:100px;--awb-padding-bottom:100px;--awb-background-color:var(--awb-color1);--awb-flex-wrap:wrap;\" ><div class=\"fusion-builder-row fusion-row fusion-flex-align-items-flex-start fusion-flex-content-wrap\" style=\"max-width:1248px;margin-left: calc(-4% \/ 2 );margin-right: calc(-4% \/ 2 );\"><div class=\"fusion-layout-column fusion_builder_column fusion-builder-column-4 fusion_builder_column_1_1 1_1 fusion-flex-column\" style=\"--awb-bg-size:cover;--awb-width-large:100%;--awb-margin-top-large:0px;--awb-spacing-right-large:1.92%;--awb-margin-bottom-large:20px;--awb-spacing-left-large:1.92%;--awb-width-medium:100%;--awb-order-medium:0;--awb-spacing-right-medium:1.92%;--awb-spacing-left-medium:1.92%;--awb-width-small:100%;--awb-order-small:0;--awb-spacing-right-small:1.92%;--awb-spacing-left-small:1.92%;\"><div class=\"fusion-column-wrapper fusion-column-has-shadow fusion-flex-justify-content-flex-start fusion-content-layout-column\"><div class=\"fusion-title title fusion-title-2 fusion-no-small-visibility fusion-sep-none fusion-title-text fusion-title-size-one\" style=\"--awb-text-color:var(--awb-color5);\"><h1 class=\"fusion-title-heading title-heading-left\" style=\"margin:0;\">Privacy policy<\/h1><\/div><div class=\"fusion-title title fusion-title-3 fusion-no-medium-visibility fusion-no-large-visibility fusion-sep-none fusion-title-text fusion-title-size-one\" style=\"--awb-text-color:var(--awb-color5);--awb-font-size:30px;\"><h1 class=\"fusion-title-heading title-heading-left\" style=\"margin:0;font-size:1em;\">Privacy policy<\/h1><\/div><div class=\"fusion-separator fusion-full-width-sep\" style=\"align-self: center;margin-left: auto;margin-right: auto;margin-top:30px;width:100%;\"><\/div><div class=\"fusion-text fusion-text-4\"><p><strong>Data protection<\/strong><br \/>\nThe operators of these pages take the protection of your personal data very seriously. We treat your personal data confidentially and in accordance with the statutory data protection regulations and this privacy policy. <\/p>\n<p>The use of our website is generally possible without providing personal data. Insofar as personal data (e.g. name, address or e-mail addresses) is collected on our website, this is always done on a voluntary basis as far as possible. This data will not be passed on to third parties without your express consent.  <\/p>\n<p>We would like to point out that data transmission over the Internet (e.g. when communicating by e-mail) may be subject to security vulnerabilities. Complete protection of data against access by third parties is not possible. <\/p>\n<p><strong>Cookies<\/strong><br \/>\nSome of the web pages use so-called cookies. Cookies do not damage your computer and do not contain viruses. Cookies are used to make our website more user-friendly, effective and secure. Cookies are small text files that are stored on your computer and saved by your browser.   <\/p>\n<p>Most of the cookies we use are so-called &#8220;session cookies&#8221;. They are automatically deleted at the end of your visit. Other cookies remain stored on your end device until you delete them. These cookies enable us to recognize your browser on your next visit.   <\/p>\n<p>You can set your browser so that you are informed about the setting of cookies and only allow cookies in individual cases, exclude the acceptance of cookies for certain cases or in general and activate the automatic deletion of cookies when closing the browser. If cookies are deactivated, the functionality of this website may be restricted. <\/p>\n<p>Server log filesThe provider of the pages automatically collects and stores information in so-called server log files, which your browser automatically transmits to us. These are <\/p>\n<p>Browser type and browser version<br \/>\nOperating system used<br \/>\nReferrer URL<br \/>\nHost name of the accessing computer<br \/>\nTime of the server request<br \/>\nThis data cannot be assigned to specific persons. This data is not merged with other data sources. We reserve the right to check this data retrospectively if we become aware of specific indications of unlawful use.  <\/p>\n<p><strong>Contact form<\/strong><br \/>\nIf you send us inquiries via the contact form, your details from the inquiry form, including the contact details you provide there, will be stored by us for the purpose of processing the inquiry and in the event of follow-up questions. We will not pass on this data without your consent. <\/p>\n<p><strong>SSL encryption<\/strong><br \/>\nThis site uses SSL encryption for security reasons and to protect the transmission of confidential content, such as the requests you send to us as the site operator. You can recognize an encrypted connection by the fact that the address line of the browser changes from &#8220;https:\/\/&#8221; to &#8220;https:\/\/&#8221; and by the lock symbol in your browser line. <\/p>\n<p>If SSL encryption is activated, the data you transmit to us cannot be read by third parties.<\/p>\n<p><strong>Right to information, deletion, blocking<\/strong><br \/>\nYou have the right to free information about your stored personal data, its origin and recipients and the purpose of the data processing as well as a right to correction, blocking or deletion of this data at any time. You can contact us at any time at the address given in the legal notice if you have further questions on the subject of personal data. <\/p>\n<p><strong>Objection to advertising emails<\/strong><br \/>\nWe hereby object to the use of contact data published as part of our duty to provide a legal notice for the purpose of sending unsolicited advertising and information material. The operators of this website expressly reserve the right to take legal action in the event of the unsolicited sending of advertising information, such as spam e-mails. <\/p>\n<p><strong>Conciliation clause<br \/>\n<\/strong>&#8220;In the event of a dispute arising from or relating to this\/the contract, the parties undertake to conduct a conciliation procedure in accordance with the provisions of the conciliation body before bringing an action before an ordinary court or arbitration tribunal.&#8221;<br \/>\n<a href=\"https:\/\/ec.europa.eu\/consumers\/odr\/main\/index.cfm?event=main.home.chooseLanguage\" target=\"_blank\" rel=\"noopener\">https:\/\/ec.europa.eu\/consumers\/odr\/main\/index.cfm?event=main.home.chooseLanguage<\/a><\/p>\n<p>Source: https:\/\/www.e-recht24.de<\/p>\n<\/div><\/div><\/div><\/div><\/div><\/div><\/p>\n","protected":false},"excerpt":{"rendered":"","protected":false},"author":1,"featured_media":0,"parent":0,"menu_order":0,"comment_status":"closed","ping_status":"closed","template":"100-width.php","meta":{"footnotes":""},"class_list":["post-1329","page","type-page","status-publish","hentry"],"yoast_head":"<!-- This site is optimized with the Yoast SEO plugin v25.9 - https:\/\/yoast.com\/wordpress\/plugins\/seo\/ -->\n<title>Imprint - H\u00f6rakustik Grunenberg<\/title>\n<meta name=\"robots\" content=\"noindex, follow, max-snippet:-1, max-image-preview:large, max-video-preview:-1\" \/>\n<meta property=\"og:locale\" content=\"en_US\" \/>\n<meta property=\"og:type\" content=\"article\" \/>\n<meta property=\"og:title\" content=\"Imprint - H\u00f6rakustik Grunenberg\" \/>\n<meta property=\"og:url\" content=\"https:\/\/hoerakustik-grunenberg.de\/en\/imprint\/\" \/>\n<meta property=\"og:site_name\" content=\"H\u00f6rakustik Grunenberg\" \/>\n<meta property=\"article:modified_time\" content=\"2025-03-19T06:29:58+00:00\" \/>\n<meta name=\"twitter:card\" content=\"summary_large_image\" \/>\n<meta name=\"twitter:label1\" content=\"Est. reading time\" \/>\n\t<meta name=\"twitter:data1\" content=\"21 minutes\" \/>\n<script type=\"application\/ld+json\" class=\"yoast-schema-graph\">{\"@context\":\"https:\/\/schema.org\",\"@graph\":[{\"@type\":\"WebPage\",\"@id\":\"https:\/\/hoerakustik-grunenberg.de\/en\/imprint\/\",\"url\":\"https:\/\/hoerakustik-grunenberg.de\/en\/imprint\/\",\"name\":\"Imprint - H\u00f6rakustik Grunenberg\",\"isPartOf\":{\"@id\":\"https:\/\/hoerakustik-grunenberg.de\/en\/#website\"},\"datePublished\":\"2024-09-07T05:46:28+00:00\",\"dateModified\":\"2025-03-19T06:29:58+00:00\",\"breadcrumb\":{\"@id\":\"https:\/\/hoerakustik-grunenberg.de\/en\/imprint\/#breadcrumb\"},\"inLanguage\":\"en-US\",\"potentialAction\":[{\"@type\":\"ReadAction\",\"target\":[\"https:\/\/hoerakustik-grunenberg.de\/en\/imprint\/\"]}]},{\"@type\":\"BreadcrumbList\",\"@id\":\"https:\/\/hoerakustik-grunenberg.de\/en\/imprint\/#breadcrumb\",\"itemListElement\":[{\"@type\":\"ListItem\",\"position\":1,\"name\":\"Startseite\",\"item\":\"https:\/\/hoerakustik-grunenberg.de\/en\/home-page\/\"},{\"@type\":\"ListItem\",\"position\":2,\"name\":\"Imprint\"}]},{\"@type\":\"WebSite\",\"@id\":\"https:\/\/hoerakustik-grunenberg.de\/en\/#website\",\"url\":\"https:\/\/hoerakustik-grunenberg.de\/en\/\",\"name\":\"H\u00f6rakustik Grunenberg\",\"description\":\"\",\"potentialAction\":[{\"@type\":\"SearchAction\",\"target\":{\"@type\":\"EntryPoint\",\"urlTemplate\":\"https:\/\/hoerakustik-grunenberg.de\/en\/?s={search_term_string}\"},\"query-input\":{\"@type\":\"PropertyValueSpecification\",\"valueRequired\":true,\"valueName\":\"search_term_string\"}}],\"inLanguage\":\"en-US\"}]}<\/script>\n<!-- \/ Yoast SEO plugin. -->","yoast_head_json":{"title":"Imprint - H\u00f6rakustik Grunenberg","robots":{"index":"noindex","follow":"follow","max-snippet":"max-snippet:-1","max-image-preview":"max-image-preview:large","max-video-preview":"max-video-preview:-1"},"og_locale":"en_US","og_type":"article","og_title":"Imprint - H\u00f6rakustik Grunenberg","og_url":"https:\/\/hoerakustik-grunenberg.de\/en\/imprint\/","og_site_name":"H\u00f6rakustik Grunenberg","article_modified_time":"2025-03-19T06:29:58+00:00","twitter_card":"summary_large_image","twitter_misc":{"Est. reading time":"21 minutes"},"schema":{"@context":"https:\/\/schema.org","@graph":[{"@type":"WebPage","@id":"https:\/\/hoerakustik-grunenberg.de\/en\/imprint\/","url":"https:\/\/hoerakustik-grunenberg.de\/en\/imprint\/","name":"Imprint - H\u00f6rakustik Grunenberg","isPartOf":{"@id":"https:\/\/hoerakustik-grunenberg.de\/en\/#website"},"datePublished":"2024-09-07T05:46:28+00:00","dateModified":"2025-03-19T06:29:58+00:00","breadcrumb":{"@id":"https:\/\/hoerakustik-grunenberg.de\/en\/imprint\/#breadcrumb"},"inLanguage":"en-US","potentialAction":[{"@type":"ReadAction","target":["https:\/\/hoerakustik-grunenberg.de\/en\/imprint\/"]}]},{"@type":"BreadcrumbList","@id":"https:\/\/hoerakustik-grunenberg.de\/en\/imprint\/#breadcrumb","itemListElement":[{"@type":"ListItem","position":1,"name":"Startseite","item":"https:\/\/hoerakustik-grunenberg.de\/en\/home-page\/"},{"@type":"ListItem","position":2,"name":"Imprint"}]},{"@type":"WebSite","@id":"https:\/\/hoerakustik-grunenberg.de\/en\/#website","url":"https:\/\/hoerakustik-grunenberg.de\/en\/","name":"H\u00f6rakustik Grunenberg","description":"","potentialAction":[{"@type":"SearchAction","target":{"@type":"EntryPoint","urlTemplate":"https:\/\/hoerakustik-grunenberg.de\/en\/?s={search_term_string}"},"query-input":{"@type":"PropertyValueSpecification","valueRequired":true,"valueName":"search_term_string"}}],"inLanguage":"en-US"}]}},"_links":{"self":[{"href":"https:\/\/hoerakustik-grunenberg.de\/en\/wp-json\/wp\/v2\/pages\/1329","targetHints":{"allow":["GET"]}}],"collection":[{"href":"https:\/\/hoerakustik-grunenberg.de\/en\/wp-json\/wp\/v2\/pages"}],"about":[{"href":"https:\/\/hoerakustik-grunenberg.de\/en\/wp-json\/wp\/v2\/types\/page"}],"author":[{"embeddable":true,"href":"https:\/\/hoerakustik-grunenberg.de\/en\/wp-json\/wp\/v2\/users\/1"}],"replies":[{"embeddable":true,"href":"https:\/\/hoerakustik-grunenberg.de\/en\/wp-json\/wp\/v2\/comments?post=1329"}],"version-history":[{"count":2,"href":"https:\/\/hoerakustik-grunenberg.de\/en\/wp-json\/wp\/v2\/pages\/1329\/revisions"}],"predecessor-version":[{"id":1331,"href":"https:\/\/hoerakustik-grunenberg.de\/en\/wp-json\/wp\/v2\/pages\/1329\/revisions\/1331"}],"wp:attachment":[{"href":"https:\/\/hoerakustik-grunenberg.de\/en\/wp-json\/wp\/v2\/media?parent=1329"}],"curies":[{"name":"wp","href":"https:\/\/api.w.org\/{rel}","templated":true}]}}